{"id":2452,"date":"2021-08-25T13:33:02","date_gmt":"2021-08-25T13:33:02","guid":{"rendered":"https:\/\/michelefatone.it\/projekten\/"},"modified":"2024-04-12T09:08:13","modified_gmt":"2024-04-12T09:08:13","slug":"projekten","status":"publish","type":"page","link":"https:\/\/michelefatone.it\/de\/projekten\/","title":{"rendered":"Projekten"},"content":{"rendered":"\t\t<div data-elementor-type=\"wp-page\" data-elementor-id=\"2452\" class=\"elementor elementor-2452 elementor-508\" data-elementor-post-type=\"page\">\n\t\t\t\t\t\t<section class=\"elementor-section elementor-top-section elementor-element elementor-element-73603eb elementor-section-boxed elementor-section-height-default elementor-section-height-default\" data-id=\"73603eb\" data-element_type=\"section\">\n\t\t\t\t\t\t<div class=\"elementor-container elementor-column-gap-default\">\n\t\t\t\t\t<div class=\"elementor-column elementor-col-100 elementor-top-column elementor-element elementor-element-44b6d58\" data-id=\"44b6d58\" data-element_type=\"column\">\n\t\t\t<div class=\"elementor-widget-wrap elementor-element-populated\">\n\t\t\t\t\t\t<section class=\"elementor-section elementor-inner-section elementor-element elementor-element-7ceab62 elementor-section-boxed elementor-section-height-default elementor-section-height-default\" data-id=\"7ceab62\" data-element_type=\"section\">\n\t\t\t\t\t\t<div class=\"elementor-container elementor-column-gap-default\">\n\t\t\t\t\t<div class=\"elementor-column elementor-col-50 elementor-inner-column elementor-element elementor-element-7e656d3\" data-id=\"7e656d3\" data-element_type=\"column\">\n\t\t\t<div class=\"elementor-widget-wrap elementor-element-populated\">\n\t\t\t\t\t\t<div class=\"elementor-element elementor-element-f3a290f elementor-widget elementor-widget-hub_fancy_heading\" data-id=\"f3a290f\" data-element_type=\"widget\" data-widget_type=\"hub_fancy_heading.default\">\n\t\t\t\t<div class=\"elementor-widget-container\">\n\t\t\t\n\t\t<div id=\"ld-fancy-heading-69f1eeb59d045\" class=\"ld-fancy-heading pos-rel\">\n\t\t\t<h6 class=\"ld-fh-element d-inline-block pos-rel  elementor-heading-title lqd-highlight-classic lqd-highlight-grow-left h6\"  > Projekten<\/h6>\t\t<\/div>\n\n\t\t\t\t<\/div>\n\t\t\t\t<\/div>\n\t\t\t\t<div class=\"elementor-element elementor-element-3912851 elementor-widget__width-initial elementor-widget elementor-widget-hub_fancy_heading\" data-id=\"3912851\" data-element_type=\"widget\" data-widget_type=\"hub_fancy_heading.default\">\n\t\t\t\t<div class=\"elementor-widget-container\">\n\t\t\t\n\t\t<div id=\"ld-fancy-heading-69f1eeb59e0a6\" class=\"ld-fancy-heading pos-rel\">\n\t\t\t<h1 class=\"ld-fh-element d-inline-block pos-rel  elementor-heading-title lqd-highlight-classic lqd-highlight-grow-left h4\"  > Entdecken Sie unsere Projekte<\/h1>\t\t<\/div>\n\n\t\t\t\t<\/div>\n\t\t\t\t<\/div>\n\t\t\t\t\t<\/div>\n\t\t<\/div>\n\t\t\t\t<div class=\"elementor-column elementor-col-50 elementor-inner-column elementor-element elementor-element-8a92308\" data-id=\"8a92308\" data-element_type=\"column\">\n\t\t\t<div class=\"elementor-widget-wrap elementor-element-populated\">\n\t\t\t\t\t\t<div class=\"elementor-element elementor-element-c095a81 elementor-widget elementor-widget-hub_fancy_heading\" data-id=\"c095a81\" data-element_type=\"widget\" data-widget_type=\"hub_fancy_heading.default\">\n\t\t\t\t<div class=\"elementor-widget-container\">\n\t\t\t\n\t\t<div id=\"ld-fancy-heading-69f1eeb59ee9f\" class=\"ld-fancy-heading pos-rel\">\n\t\t\t<p class=\"ld-fh-element d-inline-block pos-rel  lqd-highlight-classic lqd-highlight-grow-left p\"  > Entdecken Sie einige unserer ikonischsten Projekte, bei denen unsere Liebe zum Detail und unsere Handwerkskunst jeden Raum zu einem unvergesslichen Erlebnis gemacht haben:\n\n<\/p>\t\t<\/div>\n\n\t\t\t\t<\/div>\n\t\t\t\t<\/div>\n\t\t\t\t\t<\/div>\n\t\t<\/div>\n\t\t\t\t\t<\/div>\n\t\t<\/section>\n\t\t\t\t\t<\/div>\n\t\t<\/div>\n\t\t\t\t\t<\/div>\n\t\t<\/section>\n\t\t\t\t<section class=\"elementor-section elementor-top-section elementor-element elementor-element-5ccb8bc elementor-section-boxed elementor-section-height-default elementor-section-height-default\" data-id=\"5ccb8bc\" data-element_type=\"section\">\n\t\t\t\t\t\t<div class=\"elementor-container elementor-column-gap-default\">\n\t\t\t\t\t<div class=\"elementor-column elementor-col-100 elementor-top-column elementor-element elementor-element-ca2102f\" data-id=\"ca2102f\" data-element_type=\"column\">\n\t\t\t<div class=\"elementor-widget-wrap elementor-element-populated\">\n\t\t\t\t\t\t<div class=\"elementor-element elementor-element-106cc89 elementor-widget elementor-widget-ld_portfolio\" data-id=\"106cc89\" data-element_type=\"widget\" data-widget_type=\"ld_portfolio.default\">\n\t\t\t\t<div class=\"elementor-widget-container\">\n\t\t\t<div class=\"lqd-pf-grid lqd-pf-grid-106cc89\">\t\t\t\r\n<div class=\"liquid-filter-items align-items-center justify-content-between\">\t\r\n\t<div class=\"liquid-filter-items-inner flex-grow-1\">\r\n\t\t\r\n\t\t\t\t\t<span class=\"liquid-filter-items-label  size-lg  \">gefiltert von<\/span>\r\n\t\t\r\n\t\t<ul class=\"filter-list filter-list-inline       d-flex align-items-center hidden-xs hidden-sm\" id=\"lqd-pf-filter-6126469515f2d\">\r\n\t\t\t<li class=\"active\" data-filter=\"*\"><span>Alle<\/span><\/li>\r\n\t\t\t<li data-filter=\".bar-de\"><span>Bar<\/span><\/li><li data-filter=\".privathauser\"><span>Privath\u00e4user<\/span><\/li><li data-filter=\".restaurant-de\"><span>Restaurant<\/span><\/li>\t\t<\/ul>\r\n\r\n\t\t<div class=\"lqd-filter-dropdown visible-xs visible-sm\" data-form-options='{ \"dropdownAppendTo\": \"self\" }'>\r\n\t\t\t<select name=\"lqd-filter-dropdown-lqd-pf-filter-6126469515f2d\" id=\"lqd-filter-dropdown-lqd-pf-filter-6126469515f2d\">\r\n\t\t\t\t<option selected data-filter=\"*\" value=\"*\">Alle<\/option>\r\n\t\t\t\t<option data-filter=\".bar-de\" value=\".bar-de\">Bar<\/option><option data-filter=\".privathauser\" value=\".privathauser\">Privath\u00e4user<\/option><option data-filter=\".restaurant-de\" value=\".restaurant-de\">Restaurant<\/option>\t\t\t<\/select>\r\n\t\t<\/div>\r\n\t\t\t\r\n\t\t\t\t<a  href=\"#\" class=\"elementor-button btn ws-nowrap btn-naked btn-icon-right btn-has-label\" >\n\t\t\t\t\t\t\t<span class=\"btn-txt\" data-text=\"See more\" >See more<\/span>\n\t\t\t\t\t\t<span class=\"btn-icon\"><i class=\"lqd-icn-ess icon-md-arrow-forward\"><\/i><\/span>\t\t<\/a>\n\t\t\t\t\t\t\t\t\r\n\t\t\t\r\n\t<\/div>\r\n<\/div><div id=\"lqd-pf-grid-106cc89\" class=\"lqd-pf-row row d-flex flex-wrap lqd-pf-grid-106cc89\" data-liquid-masonry=\"true\" data-masonry-options='{ \"filtersID\": \"#lqd-pf-filter-6126469515f2d\" }'>\n<div class=\"lqd-pf-column col-md-4 col-sm-6 col-xs-12 col-sm-6 col-xs-12 masonry-item privathauser\">\n\n\t<article id=\"post-3153\" class=\"lqd-pf-item lqd-pf-item-style-2 lqd-pf-overlay-bg-scale lqd-pf-dark pf-details-h-str post-3153 liquid-portfolio type-liquid-portfolio status-publish format-standard has-post-thumbnail hentry liquid-portfolio-category-privathauser\">\n\t\t<div class=\"lqd-pf-item-inner\">\n\n\t\t\t<div class=\"lqd-pf-img mb-3 pos-rel border-radius-6 overflow-hidden\">\n\t\t\t\t<figure>\n\t\t\t\t\t<figure class=\"w-100\"><img fetchpriority=\"high\" decoding=\"async\" width=\"1280\" height=\"720\" src=\"https:\/\/michelefatone.it\/wp-content\/uploads\/2024\/11\/WhatsApp-Image-2024-11-04-at-10.25.51-3.jpeg\" class=\"w-100 wp-post-image\" alt=\"\" srcset=\"https:\/\/michelefatone.it\/wp-content\/uploads\/2024\/11\/WhatsApp-Image-2024-11-04-at-10.25.51-3.jpeg 1280w, https:\/\/michelefatone.it\/wp-content\/uploads\/2024\/11\/WhatsApp-Image-2024-11-04-at-10.25.51-3-300x169.jpeg 300w, https:\/\/michelefatone.it\/wp-content\/uploads\/2024\/11\/WhatsApp-Image-2024-11-04-at-10.25.51-3-1024x576.jpeg 1024w\" sizes=\"(max-width: 1280px) 100vw, 1280px\" itemprop=\"image\" \/><\/figure>\t\t\t\t<\/figure>\n\t\t\t\t<span class=\"lqd-pf-overlay-bg lqd-overlay d-flex align-items-center justify-content-center\">\n\t\t\t\t\t<i class=\"lqd-icn-ess icon-md-arrow-forward\"><\/i>\n\t\t\t\t<\/span>\n\t\t\t<\/div>\n\n\t\t\t<div class=\"lqd-pf-details\">\n\t\t\t\t\t\t\t\t<h2 class=\"lqd-pf-title mt-0 mb-1 \">Privatwohnung<\/h2>\t\t\t\t<ul class=\"reset-ul inline-nav lqd-pf-cat d-inline-flex pos-rel z-index-2\"><li><a href=\"https:\/\/michelefatone.it\/de\/portfolio-category\/privathauser\/\">Privath\u00e4user<\/a><\/li><\/ul>\n\t\t\t<\/div>\n\n\t\t\t<a href=\"https:\/\/michelefatone.it\/de\/portfolio\/privatwohnung\/\"  class=\"lqd-overlay lqd-pf-overlay-link lqd-cc-icon-trigger\" ><\/a>\n\t\t<\/div>\n\t<\/article>\n\n<\/div>\n<div class=\"lqd-pf-column col-md-4 col-sm-6 col-xs-12 col-sm-6 col-xs-12 masonry-item privathauser\">\n\n\t<article id=\"post-3155\" class=\"lqd-pf-item lqd-pf-item-style-2 lqd-pf-overlay-bg-scale lqd-pf-dark pf-details-h-str post-3155 liquid-portfolio type-liquid-portfolio status-publish format-standard has-post-thumbnail hentry liquid-portfolio-category-privathauser\">\n\t\t<div class=\"lqd-pf-item-inner\">\n\n\t\t\t<div class=\"lqd-pf-img mb-3 pos-rel border-radius-6 overflow-hidden\">\n\t\t\t\t<figure>\n\t\t\t\t\t<figure class=\"w-100\"><img decoding=\"async\" width=\"1280\" height=\"720\" src=\"data:image\/svg+xml;charset=utf-8,%3Csvg xmlns%3D&#039;http%3A%2F%2Fwww.w3.org%2F2000%2Fsvg&#039; viewBox%3D&#039;0 0 1280 720&#039;%2F%3E\" class=\"w-100 ld-lazyload wp-post-image\" alt=\"\" itemprop=\"image\" data-src=\"https:\/\/michelefatone.it\/wp-content\/uploads\/2024\/10\/WhatsApp-Image-2024-10-14-at-17.02.09.jpeg\" data-srcset=\"https:\/\/michelefatone.it\/wp-content\/uploads\/2024\/10\/WhatsApp-Image-2024-10-14-at-17.02.09.jpeg 1280w, https:\/\/michelefatone.it\/wp-content\/uploads\/2024\/10\/WhatsApp-Image-2024-10-14-at-17.02.09-300x169.jpeg 300w, https:\/\/michelefatone.it\/wp-content\/uploads\/2024\/10\/WhatsApp-Image-2024-10-14-at-17.02.09-1024x576.jpeg 1024w\" data-sizes=\"(max-width: 1280px) 100vw, 1280px\" data-aspect=\"1.7777777777778\" \/><\/figure>\t\t\t\t<\/figure>\n\t\t\t\t<span class=\"lqd-pf-overlay-bg lqd-overlay d-flex align-items-center justify-content-center\">\n\t\t\t\t\t<i class=\"lqd-icn-ess icon-md-arrow-forward\"><\/i>\n\t\t\t\t<\/span>\n\t\t\t<\/div>\n\n\t\t\t<div class=\"lqd-pf-details\">\n\t\t\t\t\t\t\t\t<h2 class=\"lqd-pf-title mt-0 mb-1 \">Privatwohnung<\/h2>\t\t\t\t<ul class=\"reset-ul inline-nav lqd-pf-cat d-inline-flex pos-rel z-index-2\"><li><a href=\"https:\/\/michelefatone.it\/de\/portfolio-category\/privathauser\/\">Privath\u00e4user<\/a><\/li><\/ul>\n\t\t\t<\/div>\n\n\t\t\t<a href=\"https:\/\/michelefatone.it\/de\/portfolio\/privatwohnung-2\/\"  class=\"lqd-overlay lqd-pf-overlay-link lqd-cc-icon-trigger\" ><\/a>\n\t\t<\/div>\n\t<\/article>\n\n<\/div>\n<div class=\"lqd-pf-column col-md-4 col-sm-6 col-xs-12 col-sm-6 col-xs-12 masonry-item restaurant-de\">\n\n\t<article id=\"post-2456\" class=\"lqd-pf-item lqd-pf-item-style-2 lqd-pf-overlay-bg-scale lqd-pf-dark pf-details-h-str post-2456 liquid-portfolio type-liquid-portfolio status-publish format-standard has-post-thumbnail hentry liquid-portfolio-category-restaurant-de\">\n\t\t<div class=\"lqd-pf-item-inner\">\n\n\t\t\t<div class=\"lqd-pf-img mb-3 pos-rel border-radius-6 overflow-hidden\">\n\t\t\t\t<figure>\n\t\t\t\t\t<figure class=\"w-100\"><img decoding=\"async\" width=\"1920\" height=\"1200\" src=\"data:image\/svg+xml;charset=utf-8,%3Csvg xmlns%3D&#039;http%3A%2F%2Fwww.w3.org%2F2000%2Fsvg&#039; viewBox%3D&#039;0 0 1920 1200&#039;%2F%3E\" class=\"w-100 ld-lazyload wp-post-image\" alt=\"\" itemprop=\"image\" data-src=\"https:\/\/michelefatone.it\/wp-content\/uploads\/2024\/03\/v1.jpg\" data-srcset=\"https:\/\/michelefatone.it\/wp-content\/uploads\/2024\/03\/v1.jpg 1920w, https:\/\/michelefatone.it\/wp-content\/uploads\/2024\/03\/v1-300x188.jpg 300w, https:\/\/michelefatone.it\/wp-content\/uploads\/2024\/03\/v1-1024x640.jpg 1024w\" data-sizes=\"(max-width: 1920px) 100vw, 1920px\" data-aspect=\"1.6\" \/><\/figure>\t\t\t\t<\/figure>\n\t\t\t\t<span class=\"lqd-pf-overlay-bg lqd-overlay d-flex align-items-center justify-content-center\">\n\t\t\t\t\t<i class=\"lqd-icn-ess icon-md-arrow-forward\"><\/i>\n\t\t\t\t<\/span>\n\t\t\t<\/div>\n\n\t\t\t<div class=\"lqd-pf-details\">\n\t\t\t\t\t\t\t\t<h2 class=\"lqd-pf-title mt-0 mb-1 \">Villa Martino<\/h2>\t\t\t\t<ul class=\"reset-ul inline-nav lqd-pf-cat d-inline-flex pos-rel z-index-2\"><li><a href=\"https:\/\/michelefatone.it\/de\/portfolio-category\/restaurant-de\/\">Restaurant<\/a><\/li><\/ul>\n\t\t\t<\/div>\n\n\t\t\t<a href=\"https:\/\/michelefatone.it\/de\/portfolio\/villa-martino\/\"  class=\"lqd-overlay lqd-pf-overlay-link lqd-cc-icon-trigger\" ><\/a>\n\t\t<\/div>\n\t<\/article>\n\n<\/div>\n<div class=\"lqd-pf-column col-md-4 col-sm-6 col-xs-12 col-sm-6 col-xs-12 masonry-item bar-de restaurant-de\">\n\n\t<article id=\"post-2460\" class=\"lqd-pf-item lqd-pf-item-style-2 lqd-pf-overlay-bg-scale lqd-pf-dark pf-details-h-str post-2460 liquid-portfolio type-liquid-portfolio status-publish format-standard has-post-thumbnail hentry liquid-portfolio-category-bar-de liquid-portfolio-category-restaurant-de\">\n\t\t<div class=\"lqd-pf-item-inner\">\n\n\t\t\t<div class=\"lqd-pf-img mb-3 pos-rel border-radius-6 overflow-hidden\">\n\t\t\t\t<figure>\n\t\t\t\t\t<figure class=\"w-100\"><img loading=\"lazy\" decoding=\"async\" width=\"2338\" height=\"1653\" src=\"data:image\/svg+xml;charset=utf-8,%3Csvg xmlns%3D&#039;http%3A%2F%2Fwww.w3.org%2F2000%2Fsvg&#039; viewBox%3D&#039;0 0 2338 1653&#039;%2F%3E\" class=\"w-100 ld-lazyload wp-post-image\" alt=\"\" itemprop=\"image\" data-src=\"https:\/\/michelefatone.it\/wp-content\/uploads\/2024\/03\/g3.jpg\" data-srcset=\"https:\/\/michelefatone.it\/wp-content\/uploads\/2024\/03\/g3.jpg 2338w, https:\/\/michelefatone.it\/wp-content\/uploads\/2024\/03\/g3-300x212.jpg 300w, https:\/\/michelefatone.it\/wp-content\/uploads\/2024\/03\/g3-1024x724.jpg 1024w\" data-sizes=\"(max-width: 2338px) 100vw, 2338px\" data-aspect=\"1.4143980641258\" \/><\/figure>\t\t\t\t<\/figure>\n\t\t\t\t<span class=\"lqd-pf-overlay-bg lqd-overlay d-flex align-items-center justify-content-center\">\n\t\t\t\t\t<i class=\"lqd-icn-ess icon-md-arrow-forward\"><\/i>\n\t\t\t\t<\/span>\n\t\t\t<\/div>\n\n\t\t\t<div class=\"lqd-pf-details\">\n\t\t\t\t\t\t\t\t<h2 class=\"lqd-pf-title mt-0 mb-1 \">Gran Caf\u00e8 Olimpia<\/h2>\t\t\t\t<ul class=\"reset-ul inline-nav lqd-pf-cat d-inline-flex pos-rel z-index-2\"><li><a href=\"https:\/\/michelefatone.it\/de\/portfolio-category\/bar-de\/\">Bar<\/a><\/li><\/ul>\n\t\t\t<\/div>\n\n\t\t\t<a href=\"https:\/\/michelefatone.it\/de\/portfolio\/gran-cafe-olimpia\/\"  class=\"lqd-overlay lqd-pf-overlay-link lqd-cc-icon-trigger\" ><\/a>\n\t\t<\/div>\n\t<\/article>\n\n<\/div>\n<div class=\"lqd-pf-column col-md-4 col-sm-6 col-xs-12 col-sm-6 col-xs-12 masonry-item bar-de\">\n\n\t<article id=\"post-2464\" class=\"lqd-pf-item lqd-pf-item-style-2 lqd-pf-overlay-bg-scale lqd-pf-dark pf-details-h-str post-2464 liquid-portfolio type-liquid-portfolio status-publish format-standard has-post-thumbnail hentry liquid-portfolio-category-bar-de\">\n\t\t<div class=\"lqd-pf-item-inner\">\n\n\t\t\t<div class=\"lqd-pf-img mb-3 pos-rel border-radius-6 overflow-hidden\">\n\t\t\t\t<figure>\n\t\t\t\t\t<figure class=\"w-100\"><img loading=\"lazy\" decoding=\"async\" width=\"2560\" height=\"1600\" src=\"data:image\/svg+xml;charset=utf-8,%3Csvg xmlns%3D&#039;http%3A%2F%2Fwww.w3.org%2F2000%2Fsvg&#039; viewBox%3D&#039;0 0 2560 1600&#039;%2F%3E\" class=\"w-100 ld-lazyload wp-post-image\" alt=\"\" itemprop=\"image\" data-src=\"https:\/\/michelefatone.it\/wp-content\/uploads\/2024\/03\/p3.jpg\" data-srcset=\"https:\/\/michelefatone.it\/wp-content\/uploads\/2024\/03\/p3.jpg 2560w, https:\/\/michelefatone.it\/wp-content\/uploads\/2024\/03\/p3-300x188.jpg 300w, https:\/\/michelefatone.it\/wp-content\/uploads\/2024\/03\/p3-1024x640.jpg 1024w\" data-sizes=\"(max-width: 2560px) 100vw, 2560px\" data-aspect=\"1.6\" \/><\/figure>\t\t\t\t<\/figure>\n\t\t\t\t<span class=\"lqd-pf-overlay-bg lqd-overlay d-flex align-items-center justify-content-center\">\n\t\t\t\t\t<i class=\"lqd-icn-ess icon-md-arrow-forward\"><\/i>\n\t\t\t\t<\/span>\n\t\t\t<\/div>\n\n\t\t\t<div class=\"lqd-pf-details\">\n\t\t\t\t\t\t\t\t<h2 class=\"lqd-pf-title mt-0 mb-1 \">Pinocchio Eiscaf\u00e8<\/h2>\t\t\t\t<ul class=\"reset-ul inline-nav lqd-pf-cat d-inline-flex pos-rel z-index-2\"><li><a href=\"https:\/\/michelefatone.it\/de\/portfolio-category\/bar-de\/\">Bar<\/a><\/li><\/ul>\n\t\t\t<\/div>\n\n\t\t\t<a href=\"https:\/\/michelefatone.it\/de\/portfolio\/pinocchio-eiscafe\/\"  class=\"lqd-overlay lqd-pf-overlay-link lqd-cc-icon-trigger\" ><\/a>\n\t\t<\/div>\n\t<\/article>\n\n<\/div>\n<div class=\"lqd-pf-column col-md-4 col-sm-6 col-xs-12 col-sm-6 col-xs-12 masonry-item bar-de\">\n\n\t<article id=\"post-2468\" class=\"lqd-pf-item lqd-pf-item-style-2 lqd-pf-overlay-bg-scale lqd-pf-dark pf-details-h-str post-2468 liquid-portfolio type-liquid-portfolio status-publish format-standard has-post-thumbnail hentry liquid-portfolio-category-bar-de\">\n\t\t<div class=\"lqd-pf-item-inner\">\n\n\t\t\t<div class=\"lqd-pf-img mb-3 pos-rel border-radius-6 overflow-hidden\">\n\t\t\t\t<figure>\n\t\t\t\t\t<figure class=\"w-100\"><img loading=\"lazy\" decoding=\"async\" width=\"2828\" height=\"1885\" src=\"data:image\/svg+xml;charset=utf-8,%3Csvg xmlns%3D&#039;http%3A%2F%2Fwww.w3.org%2F2000%2Fsvg&#039; viewBox%3D&#039;0 0 2828 1885&#039;%2F%3E\" class=\"w-100 ld-lazyload wp-post-image\" alt=\"\" itemprop=\"image\" data-src=\"https:\/\/michelefatone.it\/wp-content\/uploads\/2024\/03\/c1.jpg\" data-srcset=\"https:\/\/michelefatone.it\/wp-content\/uploads\/2024\/03\/c1.jpg 2828w, https:\/\/michelefatone.it\/wp-content\/uploads\/2024\/03\/c1-300x200.jpg 300w, https:\/\/michelefatone.it\/wp-content\/uploads\/2024\/03\/c1-1024x683.jpg 1024w\" data-sizes=\"(max-width: 2828px) 100vw, 2828px\" data-aspect=\"1.5002652519894\" \/><\/figure>\t\t\t\t<\/figure>\n\t\t\t\t<span class=\"lqd-pf-overlay-bg lqd-overlay d-flex align-items-center justify-content-center\">\n\t\t\t\t\t<i class=\"lqd-icn-ess icon-md-arrow-forward\"><\/i>\n\t\t\t\t<\/span>\n\t\t\t<\/div>\n\n\t\t\t<div class=\"lqd-pf-details\">\n\t\t\t\t\t\t\t\t<h2 class=\"lqd-pf-title mt-0 mb-1 \">Cortina Eiscaf\u00e8<\/h2>\t\t\t\t<ul class=\"reset-ul inline-nav lqd-pf-cat d-inline-flex pos-rel z-index-2\"><li><a href=\"https:\/\/michelefatone.it\/de\/portfolio-category\/bar-de\/\">Bar<\/a><\/li><\/ul>\n\t\t\t<\/div>\n\n\t\t\t<a href=\"https:\/\/michelefatone.it\/de\/portfolio\/cortina-eiscafe\/\"  class=\"lqd-overlay lqd-pf-overlay-link lqd-cc-icon-trigger\" ><\/a>\n\t\t<\/div>\n\t<\/article>\n\n<\/div><\/div><div class=\"liquid-pf-nav ld-pf-nav-ajax\"><div class=\"page-nav text-center\"><nav aria-label=\"Page navigation\"><a href=\"https:\/\/michelefatone.it\/de\/wp-json\/wp\/v2\/pages\/2452\/page\/2\/?ajaxify=1\" rel=\"nofollow\" data-ajaxify=\"true\" data-ajaxify-options=\"{&quot;wrapper&quot;:&quot;.lqd-pf-grid-106cc89 .lqd-pf-row&quot;,&quot;items&quot;:&quot;&gt; .masonry-item&quot;,&quot;trigger&quot;:&quot;click&quot;}\" class=\"elementor-button btn ws-nowrap ld-ajax-loadmore ws-nowrap\"><span class=\"static d-block\">Load more<\/span><span class=\"loading d-block pos-abs\"><span class=\"dots d-block\"><span class=\"d-inline-block\"><\/span><span class=\"d-inline-block\"><\/span><span class=\"d-inline-block\"><\/span><\/span><span class=\"d-block mt-1\">Loading<\/span><\/span><span class=\"all-loaded d-block pos-abs\">All items loaded <svg width=\"32\" height=\"29\" xmlns=\"http:\/\/www.w3.org\/2000\/svg\" viewBox=\"0 0 32 29\" style=\"width: 1.5em; height: 1.5em; margin-inline-start: 0.5em;\"><path fill=\"currentColor\" d=\"M25.74 6.23c0.38 0.34 0.42 0.9 0.09 1.28l-12.77 14.58a0.91 0.91 0 0 1-1.33 0.04l-5.46-5.46a0.91 0.91 0 1 1 1.29-1.29l4.77 4.78 12.12-13.85a0.91 0.91 0 0 1 1.29-0.08z\"><\/path><\/svg><\/span><\/a><\/nav><\/div><\/div><\/div>\t\t<\/div>\n\t\t\t\t<\/div>\n\t\t\t\t\t<\/div>\n\t\t<\/div>\n\t\t\t\t\t<\/div>\n\t\t<\/section>\n\t\t\t\t<section class=\"elementor-section elementor-top-section elementor-element elementor-element-a2b8b95 elementor-section-boxed elementor-section-height-default elementor-section-height-default\" data-id=\"a2b8b95\" data-element_type=\"section\" data-settings=\"{&quot;background_background&quot;:&quot;classic&quot;}\">\n\t\t\t\t\t\t<div class=\"elementor-container elementor-column-gap-default\">\n\t\t\t\t\t<div class=\"elementor-column elementor-col-100 elementor-top-column elementor-element elementor-element-ed5500b\" data-id=\"ed5500b\" data-element_type=\"column\">\n\t\t\t<div class=\"elementor-widget-wrap elementor-element-populated\">\n\t\t\t\t\t\t<div class=\"elementor-element elementor-element-8d2155c elementor-widget elementor-widget-hub_fancy_heading\" data-id=\"8d2155c\" data-element_type=\"widget\" data-widget_type=\"hub_fancy_heading.default\">\n\t\t\t\t<div class=\"elementor-widget-container\">\n\t\t\t\n\t\t<div id=\"ld-fancy-heading-69f1eeb5f2806\" class=\"ld-fancy-heading pos-rel\">\n\t\t\t<h2 class=\"ld-fh-element d-inline-block pos-rel  elementor-heading-title lqd-highlight-classic lqd-highlight-grow-left h2\"  > Haben Sie ein Projekt im Sinn? <em class=\"h3\">Lass uns dar\u00fcber sprechen<\/em><\/h2>\t\t<\/div>\n\n\t\t\t\t<\/div>\n\t\t\t\t<\/div>\n\t\t\t\t<div class=\"elementor-element elementor-element-f6a2ce0 elementor-widget elementor-widget-ld_button\" data-id=\"f6a2ce0\" data-element_type=\"widget\" data-widget_type=\"ld_button.default\">\n\t\t\t\t<div class=\"elementor-widget-container\">\n\t\t\t\n\t\t\t<a\n\t\t\t\thref=\"#\"class=\"elementor-button btn btn-solid btn-xlg btn-icon-shaped btn-has-label\"\t\t\t>\n\t\t\t\t\t\t\t\t\t<span data-text=\"Gemeinsam bauen wir\" class=\"btn-txt\">\n\t\t\t\t\t\tGemeinsam bauen wir\t\t\t\t\t<\/span>\n\t\t\t\t\t\t\t\t\t\t\t<\/a>\n\t\t\t\t\t<\/div>\n\t\t\t\t<\/div>\n\t\t\t\t\t<\/div>\n\t\t<\/div>\n\t\t\t\t\t<\/div>\n\t\t<\/section>\n\t\t\t\t<\/div>\n\t\t","protected":false},"excerpt":{"rendered":"<p>Projekten Entdecken Sie unsere Projekte Entdecken Sie einige unserer ikonischsten Projekte, bei denen unsere Liebe zum Detail und unsere Handwerkskunst jeden Raum zu einem unvergesslichen Erlebnis gemacht haben: gefiltert von Alle Bar Case private Ristoranti AlleBarCase privateRistoranti See more Il Centro Winery Bar Villa Martino Ristoranti Gran Caf\u00e8 Olimpia Bar Pinocchio Eiscaf\u00e8 Bar Cortina Eiscaf\u00e8 [&hellip;]<\/p>\n","protected":false},"author":1,"featured_media":0,"parent":0,"menu_order":0,"comment_status":"closed","ping_status":"closed","template":"","meta":{"footnotes":""},"class_list":["post-2452","page","type-page","status-publish","hentry"],"_links":{"self":[{"href":"https:\/\/michelefatone.it\/de\/wp-json\/wp\/v2\/pages\/2452","targetHints":{"allow":["GET"]}}],"collection":[{"href":"https:\/\/michelefatone.it\/de\/wp-json\/wp\/v2\/pages"}],"about":[{"href":"https:\/\/michelefatone.it\/de\/wp-json\/wp\/v2\/types\/page"}],"author":[{"embeddable":true,"href":"https:\/\/michelefatone.it\/de\/wp-json\/wp\/v2\/users\/1"}],"replies":[{"embeddable":true,"href":"https:\/\/michelefatone.it\/de\/wp-json\/wp\/v2\/comments?post=2452"}],"version-history":[{"count":7,"href":"https:\/\/michelefatone.it\/de\/wp-json\/wp\/v2\/pages\/2452\/revisions"}],"predecessor-version":[{"id":2564,"href":"https:\/\/michelefatone.it\/de\/wp-json\/wp\/v2\/pages\/2452\/revisions\/2564"}],"wp:attachment":[{"href":"https:\/\/michelefatone.it\/de\/wp-json\/wp\/v2\/media?parent=2452"}],"curies":[{"name":"wp","href":"https:\/\/api.w.org\/{rel}","templated":true}]}}